{"id":246,"date":"2020-10-25T21:47:51","date_gmt":"2020-10-26T00:47:51","guid":{"rendered":"http:\/\/reducituhuella.com.ar\/tienda\/?post_type=product&#038;p=246"},"modified":"2020-10-30T13:28:55","modified_gmt":"2020-10-30T16:28:55","slug":"cepillo-de-dientes-meraki","status":"publish","type":"product","link":"https:\/\/reducituhuella.com.ar\/tienda\/producto\/cepillo-de-dientes-meraki\/","title":{"rendered":"Cepillo de dientes MERAKI"},"content":{"rendered":"<h3>Mango<\/h3>\n<p>El mango del cepillo es de bamb\u00fa moso.<br \/>\nEl bamb\u00fa es una de las plantas con mayor tasa de crecimiento del mundo.<\/p>\n<p>En su proceso de crecimiento secuestra grandes cantidades de CO2, gas de efecto invernadero. Su cosecha se realiza sobre montes silvestres en China.<\/p>\n<p>Los re-brotes permanecen luego de cosechar la planta y alcanzan el tama\u00f1o de un individuo maduro en dos a\u00f1os sin necesidad de volver a sembrar, utilizar fertilizantes, herbicidas o riego artificial.<br \/>\nAdem\u00e1s, contiene agentes antibacterianos de origen natural, por lo que no requieren fertilizantes ni pesticidas para crecer.<\/p>\n<h3>Cerdas<\/h3>\n<p>Las cerdas no son biodegradables.<\/p>\n<p>Son de Nylon y componen el 3% de nuestros cepillos.<br \/>\nUtilizamos este tipo de cerdas para garantizar la misma vida \u00fatil y funcionalidad que un cepillo convencional.<\/p>\n<p>No existe una soluci\u00f3n vegana y libre de pl\u00e1stico para reemplazar el nylon de las cerdas. Las cerdas de origen natural, por lo general, est\u00e1n hechas de pelo de jabal\u00ed.<\/p>\n<h3>\u00bfComo desechar las cerdas?<\/h3>\n<p>Los odont\u00f3logos recomiendan cambiar de cepillo cada 3 meses.<br \/>\nCon el tiempo las cerdas pierden eficiencia. Adem\u00e1s, el cepillado genera que se cultiven bacterias en el cabezal del cepillo.<\/p>\n<p>Una vez que termines de utilizar el producto, separ\u00e1 las cerdas con una pinza y descartalas junto con tus residuos reciclables. Tambi\u00e9n podes desecharlas en tu botella de amor (<a href=\"http:\/\/www.botellasdeamor.org\" target=\"_blank\" rel=\"noopener noreferrer\">www.botellasdeamor.org<\/a>).<\/p>\n<p>Tanto el packaging como el mango pueden ser compostados<\/p>\n","protected":false},"excerpt":{"rendered":"<p>Los cepillos de dientes de bamb\u00fa MERAKI ofrecen la misma vida \u00fatil y experiencia de lavado que un cepillo de dientes convencional.<\/p>\n<p>Est\u00e1n compuestos en un 97% por materiales biodegradables: packaging de cart\u00f3n y mango de bamb\u00fa moso.<\/p>\n<p>Decimos que son un 3% reciclable porque utilizamos las mismas cerdas de nylon que los cepillos de dientes convencionales para garantizar la misma vida \u00fatil y experiencia de lavado.<\/p>\n<p>Mas info en la web oficial <a href=\"https:\/\/merakisustentable.com\/ar\/productos-sustentables\/\" target=\"_blank\" rel=\"noopener noreferrer\">merakisustentable.com<\/a><\/p>\n","protected":false},"featured_media":247,"template":"","meta":[],"_links":{"self":[{"href":"https:\/\/reducituhuella.com.ar\/tienda\/wp-json\/wp\/v2\/product\/246"}],"collection":[{"href":"https:\/\/reducituhuella.com.ar\/tienda\/wp-json\/wp\/v2\/product"}],"about":[{"href":"https:\/\/reducituhuella.com.ar\/tienda\/wp-json\/wp\/v2\/types\/product"}],"wp:featuredmedia":[{"embeddable":true,"href":"https:\/\/reducituhuella.com.ar\/tienda\/wp-json\/wp\/v2\/media\/247"}],"wp:attachment":[{"href":"https:\/\/reducituhuella.com.ar\/tienda\/wp-json\/wp\/v2\/media?parent=246"}],"curies":[{"name":"wp","href":"https:\/\/api.w.org\/{rel}","templated":true}]}}