{"id":238,"date":"2020-10-06T22:01:14","date_gmt":"2020-10-07T01:01:14","guid":{"rendered":"http:\/\/reducituhuella.com.ar\/tienda\/?post_type=product&#038;p=238"},"modified":"2020-10-06T22:11:29","modified_gmt":"2020-10-07T01:11:29","slug":"shampoo-solido-anticaspa","status":"publish","type":"product","link":"https:\/\/reducituhuella.com.ar\/tienda\/producto\/shampoo-solido-anticaspa\/","title":{"rendered":"Shampoo S\u00f3lido Anticaspa \/ Cabello graso"},"content":{"rendered":"<p><strong>MODO DE USO:<\/strong><br \/>\nHacer espuma con las manos o pasar la pastilla por el cabello previamente humedecido. Al sentir el cabello humectado, dejar la pastilla y masajear. No es necesario usar mucha cantidad, produce mucha espuma. Luego enguajar con abundante agua.<\/p>\n<p>Pod\u00e9s utilizar nuestro <a href=\"http:\/\/reducituhuella.com.ar\/tienda\/producto\/acondicionador-solido\/\">ACONDICIONADOR S\u00d3LIDO<\/a> para desenredar y suavizar el cabello.<\/p>\n<p>No requiere PER\u00cdODO DE ADAPTACI\u00d3N, ya que est\u00e1 formulado especialmente para el ph del cuero cabelludo. Es por eso que tu pelo quedar\u00e1 limpio y sedoso desde los primeros lavados!<br \/>\nNuestro shampoo s\u00f3lido apuesta a un cambio, sano, ecol\u00f3gico y sustentable, sin usar envases pl\u00e1sticos ni exceso de packaging. Por eso te recomendamos que luego de usarlo, lo dejes en un lugar seco, para que pueda mantenerse mejor y por m\u00e1s tiempo. Dependiendo de la duraci\u00f3n de los lavados y del largo del cabello, la pastilla puede durar entre 80 y 90 lavados. \u00a1Gracias por animarte al cambio!<\/p>\n","protected":false},"excerpt":{"rendered":"<p><strong>COMPONENTES:<br \/>\n<\/strong>Cocoil Isetionato de Sodio (tensioactivo natural derivado del coco), Aceite de coco, enriquecido con aceite de ricino y aceite esencial de lim\u00f3n.<br \/>\nElimina la grasitud y barre la caspa.<\/p>\n<p dir=\"ltr\">Nutre e hidrata el cabello.<\/p>\n<p dir=\"ltr\"><strong>PRODUCTO APROBADO POR ANMAT<\/strong><\/p>\n<ul>\n<li dir=\"ltr\">PESO: 100grs.<\/li>\n<li dir=\"ltr\">Biodegradable.<\/li>\n<li dir=\"ltr\">Vegano. Cruelty Free<\/li>\n<li dir=\"ltr\">Libre de qu\u00edmicos, sulfatos y parabenos.<\/li>\n<li dir=\"ltr\"><strong>SIN ACEITE DE PALMA.<\/strong><\/li>\n<\/ul>\n<p>Mas info en las web oficial de <a href=\"https:\/\/www.sentidabotanica.com\/productos\/shampoo-solido-cabello-equilibrado\/\" target=\"_blank\" rel=\"noopener noreferrer\">SENTIDA BOTANICA<\/a>.<\/p>\n","protected":false},"featured_media":241,"template":"","meta":[],"_links":{"self":[{"href":"https:\/\/reducituhuella.com.ar\/tienda\/wp-json\/wp\/v2\/product\/238"}],"collection":[{"href":"https:\/\/reducituhuella.com.ar\/tienda\/wp-json\/wp\/v2\/product"}],"about":[{"href":"https:\/\/reducituhuella.com.ar\/tienda\/wp-json\/wp\/v2\/types\/product"}],"wp:featuredmedia":[{"embeddable":true,"href":"https:\/\/reducituhuella.com.ar\/tienda\/wp-json\/wp\/v2\/media\/241"}],"wp:attachment":[{"href":"https:\/\/reducituhuella.com.ar\/tienda\/wp-json\/wp\/v2\/media?parent=238"}],"curies":[{"name":"wp","href":"https:\/\/api.w.org\/{rel}","templated":true}]}}