{"id":234,"date":"2020-10-06T21:55:54","date_gmt":"2020-10-07T00:55:54","guid":{"rendered":"http:\/\/reducituhuella.com.ar\/tienda\/?post_type=product&#038;p=234"},"modified":"2020-10-06T21:57:25","modified_gmt":"2020-10-07T00:57:25","slug":"acondicionador-solido","status":"publish","type":"product","link":"https:\/\/reducituhuella.com.ar\/tienda\/producto\/acondicionador-solido\/","title":{"rendered":"Acondicionador S\u00f3lido"},"content":{"rendered":"<p><strong>MODO DE USO:<\/strong><br \/>\nAl finalizar el lavado con shampoo y su posterior enjuague, pasar la pastilla de acondicionador UNA o DOS veces en el largo y puntas del cabello, ya que es s\u00faper concentrado. Desenredar el cabello acompa\u00f1ando con los dedos y luego enjuagar con agua tibia.<\/p>\n<p><span style=\"text-decoration: underline;\">Mascarilla capital<\/span><br \/>\nUna o dos veces al mes, aplicar el producto y dejar actuar por 15 minutos. Luego enjuagar con abundante agua. Acci\u00f3n s\u00faper nutritiva y reparadora.<\/p>\n<p>Tu pelo quedar\u00e1 suave y desenredado de manera natural sin absorber productos qu\u00edmicos que lo da\u00f1an y resecan.<\/p>\n<p>El acondicionador s\u00f3lido apuesta a un cambio, sano, ecol\u00f3gico y sustentable, sin usar envases ni exceso de packaging. Por eso<strong> te recomendamos que luego de usarlo, lo dejes en un lugar seco, para que pueda mantenerse mejor y por m\u00e1s tiempo<\/strong>.<\/p>\n<p>Dependiendo de la duraci\u00f3n de los lavados y del largo del cabello, la pastilla puede durar 100 lavados. \u00a1Gracias por animarte al cambio!<\/p>\n","protected":false},"excerpt":{"rendered":"<p dir=\"ltr\"><strong>COMPONENTES: <\/strong><br \/>\nBTMS, Manteca de cacao, enriquecido con aceite de coco y aceite de jojoba.<br \/>\nNutre el cabello, dej\u00e1ndolo suave y sedoso de manera natural, sin efecto graso.<\/p>\n<p dir=\"ltr\"><strong>PRODUCTO APROBADO POR ANMAT<\/strong><\/p>\n<ul>\n<li dir=\"ltr\">PESO: 100grs.<\/li>\n<li dir=\"ltr\">Biodegradable.<\/li>\n<li dir=\"ltr\">Vegano. Cruelty Free.<\/li>\n<li dir=\"ltr\">Libre de qu\u00edmicos, sulfatos y parabenos.<\/li>\n<li dir=\"ltr\">SIN ACEITE DE PALMA.<\/li>\n<\/ul>\n<p>M\u00e1s info en la web oficial de <a href=\"https:\/\/www.sentidabotanica.com\/productos\/acondicionador-solido1\/\" target=\"_blank\" rel=\"noopener noreferrer\">SENTIDA BOTANICA<\/a><\/p>\n","protected":false},"featured_media":235,"template":"","meta":[],"_links":{"self":[{"href":"https:\/\/reducituhuella.com.ar\/tienda\/wp-json\/wp\/v2\/product\/234"}],"collection":[{"href":"https:\/\/reducituhuella.com.ar\/tienda\/wp-json\/wp\/v2\/product"}],"about":[{"href":"https:\/\/reducituhuella.com.ar\/tienda\/wp-json\/wp\/v2\/types\/product"}],"wp:featuredmedia":[{"embeddable":true,"href":"https:\/\/reducituhuella.com.ar\/tienda\/wp-json\/wp\/v2\/media\/235"}],"wp:attachment":[{"href":"https:\/\/reducituhuella.com.ar\/tienda\/wp-json\/wp\/v2\/media?parent=234"}],"curies":[{"name":"wp","href":"https:\/\/api.w.org\/{rel}","templated":true}]}}