{"id":124,"date":"2020-08-01T02:41:57","date_gmt":"2020-08-01T05:41:57","guid":{"rendered":"http:\/\/reducituhuella.com.ar\/tienda\/?page_id=124"},"modified":"2021-09-26T22:44:26","modified_gmt":"2021-09-27T01:44:26","slug":"como-funciona","status":"publish","type":"page","link":"https:\/\/reducituhuella.com.ar\/tienda\/como-funciona\/","title":{"rendered":"\u00bfC\u00f3mo funciona?"},"content":{"rendered":"\n<div class=\"wp-block-group\"><div class=\"wp-block-group__inner-container\">\n<figure class=\"wp-block-image size-large\"><img loading=\"lazy\" width=\"980\" height=\"250\" src=\"http:\/\/reducituhuella.com.ar\/tienda\/wp-content\/uploads\/2020\/06\/blog_agroecologia_980x250.jpg\" alt=\"Frutas y verduras Agroecologicas\" class=\"wp-image-75\" srcset=\"https:\/\/reducituhuella.com.ar\/tienda\/wp-content\/uploads\/2020\/06\/blog_agroecologia_980x250.jpg 980w, https:\/\/reducituhuella.com.ar\/tienda\/wp-content\/uploads\/2020\/06\/blog_agroecologia_980x250-300x77.jpg 300w, https:\/\/reducituhuella.com.ar\/tienda\/wp-content\/uploads\/2020\/06\/blog_agroecologia_980x250-768x196.jpg 768w, https:\/\/reducituhuella.com.ar\/tienda\/wp-content\/uploads\/2020\/06\/blog_agroecologia_980x250-600x153.jpg 600w\" sizes=\"(max-width: 980px) 100vw, 980px\" \/><\/figure>\n\n\n\n<p>Buenas! Es un placer para nosotros que te encuentres leyendo estas l\u00edneas. <\/p>\n\n\n\n<h3><strong>Realizando un pedido<\/strong><\/h3>\n\n\n\n<p>Todos los d\u00edas <strong>Viernes<\/strong> vamos a estar enviando un mensaje por WhatsApp a nuestra lista de difusi\u00f3n, y publicando en nuestras redes cuales son las verduras y frutas presentes en la siguiente entrega. <\/p>\n\n\n\n<p>Es importante tener en cuenta que estas variedades son posibles, los bolsones se arman el d\u00eda anterior a la entrega con las verduras disponibles de acuerdo a la cosecha.<\/p>\n\n\n\n<p><strong>Tomamos pedidos hasta el d\u00eda domingo a las 22 horas.<\/strong> Esto es as\u00ed porque nos abastecemos de huertas que ofrecen sus productos bajo demanda.<\/p>\n\n\n\n<p>Nuestra intenci\u00f3n es conocer tu consumo y el de tu familia, para acercarte la misma entrega todas las semanas. Sin \u00e1nimo de molestar con mensajes.<\/p>\n\n\n\n<h3>Comunicaci\u00f3n<\/h3>\n\n\n\n<p>Los d\u00edas s\u00e1bados al mediod\u00eda estaremos enviando por medio de Whatsapp a los integrantes de nuestra lista de difusi\u00f3n el contenido de las posibles variedades de frutas y verduras.<\/p>\n\n\n\n<p>El domingo por la tarde reforzaremos el mensaje para todos aquellos que se han olvidado de reservar su pedido.<\/p>\n\n\n\n<p>Finalizamos la comunicaci\u00f3n el d\u00eda jueves previo a la entrega realizando un env\u00edo a todos aquellos que han solicitado un pedido.<\/p>\n\n\n\n<p><em>Si usted desea ser dado de baja de la lista, por favor env\u00edenos un mensaje privado que lo removemos los antes posible.<\/em><\/p>\n\n\n\n<h3>Entrega de la mercader\u00eda<\/h3>\n\n\n\n<p>Los d\u00edas <strong>Jueves<\/strong> vamos a estar haciendo entrega de tu pedido. Antes de comenzar el recorrido vamos a enviarte un mensaje consultando tu disponibilidad e inform\u00e1ndote el posible horario de entrega.<\/p>\n\n\n\n<h4>Reposiciones <\/h4>\n\n\n\n<p>Puede ocurrir que alguna fruta o verdura se haya golpeado en el transcurso del viaje. Si te llega a ocurrir en alguna entrega porfa avisanos que la reponemos en la siguiente.<\/p>\n\n\n\n<div class=\"wp-block-image is-style-default\"><figure class=\"aligncenter size-full is-resized\"><img loading=\"lazy\" src=\"https:\/\/reducituhuella.com.ar\/tienda\/wp-content\/uploads\/2020\/08\/entrega.jpg\" alt=\"\" class=\"wp-image-198\" width=\"980\" height=\"250\" srcset=\"https:\/\/reducituhuella.com.ar\/tienda\/wp-content\/uploads\/2020\/08\/entrega.jpg 980w, https:\/\/reducituhuella.com.ar\/tienda\/wp-content\/uploads\/2020\/08\/entrega-300x77.jpg 300w, https:\/\/reducituhuella.com.ar\/tienda\/wp-content\/uploads\/2020\/08\/entrega-768x196.jpg 768w, https:\/\/reducituhuella.com.ar\/tienda\/wp-content\/uploads\/2020\/08\/entrega-600x153.jpg 600w\" sizes=\"(max-width: 980px) 100vw, 980px\" \/><\/figure><\/div>\n\n\n\n<h3>Retornables<\/h3>\n\n\n\n<p>Manteniendo nuestro mensaje y \u00e9tica, realizamos la entrega de verdura en bolsas <strong>retornables<\/strong>. Las mismas son entregadas de forma gratuita por \u00fanica vez, para ser recibidas por nosotros en la siguiente entrega.<\/p>\n\n\n\n<p>En cuanto a los productos a granel u otros, el funcionamiento es el mismo. Entregamos el producto en diferentes envases dependiendo de la presentaci\u00f3n.<\/p>\n\n\n\n<div class=\"wp-block-image is-style-default\"><figure class=\"aligncenter size-full is-resized\"><img loading=\"lazy\" src=\"https:\/\/reducituhuella.com.ar\/tienda\/wp-content\/uploads\/2020\/08\/retornables.jpg\" alt=\"\" class=\"wp-image-199\" width=\"980\" height=\"250\" srcset=\"https:\/\/reducituhuella.com.ar\/tienda\/wp-content\/uploads\/2020\/08\/retornables.jpg 980w, https:\/\/reducituhuella.com.ar\/tienda\/wp-content\/uploads\/2020\/08\/retornables-300x77.jpg 300w, https:\/\/reducituhuella.com.ar\/tienda\/wp-content\/uploads\/2020\/08\/retornables-768x196.jpg 768w, https:\/\/reducituhuella.com.ar\/tienda\/wp-content\/uploads\/2020\/08\/retornables-600x153.jpg 600w\" sizes=\"(max-width: 980px) 100vw, 980px\" \/><\/figure><\/div>\n\n\n\n<h3>Productos de la web<\/h3>\n\n\n\n<p>Queremos facilitar tus compras para satisfacer una sana alimentaci\u00f3n. En nuestro sitio vas a encontrar una gran variedad de productos, los cuales podes sumar a tu entrega. Siempre y cuando nos avises antes de comenzar con el recorrido, gustosos te lo vamos a acercar a tu hogar.<\/p>\n<\/div><\/div>\n\n\n\n<h3>Formas de pago<\/h3>\n\n\n\n<p>Podes abonar en efectivo o por medio de <strong>Mercado pago<\/strong>, previo a la entrega de la mercader\u00eda te enviaremos un link de pago. <\/p>\n\n\n\n<p>Tambi\u00e9n brindamos el servicio de d\u00e9bito autom\u00e1tico para que todos los meses se te descuente el monto del bols\u00f3n. <\/p>\n","protected":false},"excerpt":{"rendered":"<p>Formas de pago Podes abonar en efectivo o por medio de Mercado pago, previo a la entrega de la mercader\u00eda te enviaremos un link de pago. Tambi\u00e9n brindamos el servicio de d\u00e9bito autom\u00e1tico para que todos los meses se te descuente el monto del bols\u00f3n.<\/p>\n","protected":false},"author":1,"featured_media":0,"parent":0,"menu_order":0,"comment_status":"closed","ping_status":"closed","template":"","meta":[],"_links":{"self":[{"href":"https:\/\/reducituhuella.com.ar\/tienda\/wp-json\/wp\/v2\/pages\/124"}],"collection":[{"href":"https:\/\/reducituhuella.com.ar\/tienda\/wp-json\/wp\/v2\/pages"}],"about":[{"href":"https:\/\/reducituhuella.com.ar\/tienda\/wp-json\/wp\/v2\/types\/page"}],"author":[{"embeddable":true,"href":"https:\/\/reducituhuella.com.ar\/tienda\/wp-json\/wp\/v2\/users\/1"}],"replies":[{"embeddable":true,"href":"https:\/\/reducituhuella.com.ar\/tienda\/wp-json\/wp\/v2\/comments?post=124"}],"version-history":[{"count":27,"href":"https:\/\/reducituhuella.com.ar\/tienda\/wp-json\/wp\/v2\/pages\/124\/revisions"}],"predecessor-version":[{"id":206,"href":"https:\/\/reducituhuella.com.ar\/tienda\/wp-json\/wp\/v2\/pages\/124\/revisions\/206"}],"wp:attachment":[{"href":"https:\/\/reducituhuella.com.ar\/tienda\/wp-json\/wp\/v2\/media?parent=124"}],"curies":[{"name":"wp","href":"https:\/\/api.w.org\/{rel}","templated":true}]}}